{"id":977,"date":"2021-03-12T11:04:38","date_gmt":"2021-03-12T16:04:38","guid":{"rendered":"https:\/\/www.ecoweb.com.co\/mauricio\/?page_id=977"},"modified":"2021-06-18T14:54:59","modified_gmt":"2021-06-18T19:54:59","slug":"que-es-la-ozonoterapia","status":"publish","type":"page","link":"https:\/\/www.mauriciocarreno.com\/madrid\/que-es-la-ozonoterapia\/","title":{"rendered":"\u00bfQu\u00e9 es la ozonoterapia?"},"content":{"rendered":"<p>[vc_row full_width=\u00bbstretch_row\u00bb el_class=\u00bbabout-banner\u00bb][vc_column][vc_column_text]<\/p>\n<h1 style=\"margin: 0px; text-align: center; color: #fff; font-weight: 600; font-size: 35px;\">OZONOTERAPIA<\/h1>\n<p>[\/vc_column_text][\/vc_column][\/vc_row][vc_row css=\u00bb.vc_custom_1615565071417{padding-top: 70px !important;padding-bottom: 70px !important;}\u00bb][vc_column][vc_column_text]<\/p>\n<h1 class=\"text-xlg text-bolder color-green\" style=\"text-align: justify;\">\u00bfQu\u00e9 es?<\/h1>\n<p style=\"text-align: justify; font-family: 'Lato', sans-serif; text-transform: none !important;\">Un tratamiento usando Ozono (O3), variedad triat\u00f3mica del ox\u00edgeno, que se forma naturalmente en las altas capas de la atm\u00f3sfera y que fue descubierto en 1840. Inicialmente se emple\u00f3 como germicida por su alto potencial. Para su aplicaci\u00f3n en medicina (ozonoterapia) se produce a partir de oxigeno medicinal, mediante generadores especialmente dise\u00f1ados para uso m\u00e9dico.<\/p>\n<p style=\"text-align: justify; font-family: 'Lato', sans-serif;\">Es una aplicaci\u00f3n del ozono al organismo humano, con t\u00e9cnicas especiales y con fines terap\u00e9uticos, sus inicios datan de la primera guerra mundial para desinfecci\u00f3n de heridas, en los \u00faltimos 20 a\u00f1os se han venido descubriendo otras importante propiedades terap\u00e9uticas y aplicaciones.<\/p>\n<p>[\/vc_column_text][vc_column_text css=\u00bb.vc_custom_1624046042318{padding-top: 20px !important;}\u00bb]<\/p>\n<h1 class=\"text-xlg text-bolder color-green\" style=\"text-align: justify;\">\u00bfQui\u00e9nes pueden ser tratados?<\/h1>\n<p style=\"text-align: justify; font-family: 'Lato', sans-serif;\">Todas las personas pueden llegar a recibir los beneficios de la ozonoterapia ya san ni\u00f1os, mujeres, hombres o personas de la tercera edad. Las \u00fanicas 4 excepciones son mujeres en estados de embarazo, pacientes con c\u00e1ncer que hayan sido tratados recientemente (entre 24-48 horas) con radioterapia o quimioterapia, pacientes con hipertiroidismo o en estado de embriaguez.<\/p>\n<p>[\/vc_column_text][vc_column_text css=\u00bb.vc_custom_1624046123392{padding-top: 20px !important;}\u00bb]<\/p>\n<h1 class=\"text-xlg text-bolder color-green\" style=\"text-align: justify;\">Beneficios<\/h1>\n<p style=\"text-align: justify; font-family: 'Lato', sans-serif;\">Los beneficios para el organismo humano son diversos, por lo tanto este tratamiento puede servir como:<\/p>\n<ul class=\"check-lists\">\n<li class=\"text-principal\" style=\"text-align: justify;\">\n<p style=\"font-family: Lato, sans-serif; text-align: left;\"><strong>Oxigenante:<\/strong> Aumenta la capacidad de la sangr\u00e9 para absorber y transportar mayor cantidad de ox\u00edgeno a todo el organismo, mejorando la circulaci\u00f3n y sus funciones celulares en general.<\/p>\n<\/li>\n<li class=\"text-principal\" style=\"text-align: justify;\">\n<p style=\"font-family: Lato, sans-serif; text-align: left;\"><strong>Revitalizante:<\/strong> Promueve la recuperaci\u00f3n funcional de numerosos pacientes afectados por enfermedades degenerativas.<\/p>\n<\/li>\n<li class=\"text-principal\" style=\"text-align: justify;\">\n<p style=\"font-family: Lato, sans-serif; text-align: left;\"><strong>Antioxidante:<\/strong> Es el \u00fanico tratamiento, hasta hoy, que es capaz de estimular todas las enzimas celulares antioxidantes que se encargan de eliminar los radicales libres y otros oxidantes malignos para el organismo. Es el medio m\u00e1s natural y eficaz para este fin. Gracias al est\u00edmulo sobre las enzimas, retarda tambi\u00e9n los procesos de envejecimiento celular.<\/p>\n<\/li>\n<li class=\"text-principal\" style=\"text-align: justify;\">\n<p style=\"font-family: Lato, sans-serif; text-align: left;\"><strong>Inmunomodulador:<\/strong> Estimula las defensas inmunol\u00f3gicas, tanto celulares, como humorales, en pacientes con inmunodepresi\u00f3n.<\/p>\n<\/li>\n<li class=\"text-principal\" style=\"text-align: justify;\">\n<p style=\"font-family: Lato, sans-serif; text-align: left;\"><strong>Regenerador:<\/strong> Promueve la regeneraci\u00f3n de diferentes tipo de tejido, lo cual es de gran ayuda para la cicatrizaci\u00f3n de lesiones de dif\u00edcil curaci\u00f3n, en ulceraciones, en los tejidos articulares, en medicina est\u00e9tica, etc.<\/p>\n<\/li>\n<li class=\"text-principal\" style=\"text-align: justify;\">\n<p style=\"font-family: Lato, sans-serif; text-align: left;\"><strong>Antil\u00f3gico y Antiinflamatorio:<\/strong> Act\u00faa neutralizando mediadores neuroqu\u00edmicos de la sensaci\u00f3n dolorosa y facilita la metabolizaci\u00f3n y eliminaci\u00f3n de mediadores inflamatorios como histaminas, quininas, etc.<\/p>\n<\/li>\n<li class=\"text-principal\" style=\"text-align: justify;\">\n<p style=\"font-family: Lato, sans-serif; text-align: left;\"><strong>Germicida:<\/strong> Inactiva o elimina todo tipo de microorganismos pat\u00f3genos, como bacterias, hongos y virus.<\/p>\n<\/li>\n<\/ul>\n<p>[\/vc_column_text][vc_column_text css=\u00bb.vc_custom_1624046137078{padding-top: 20px !important;}\u00bb]<\/p>\n<h1 class=\"text-xlg text-bolder color-green\" style=\"text-align: justify;\">\u00bfQu\u00e9 enfermedades pueden tratar?<\/h1>\n<ul class=\"check-lists\">\n<li class=\"text-principal\" style=\"text-align: justify;\">\n<p style=\"font-family: Lato, sans-serif; text-align: left;\"><strong>Infecciones:<\/strong> Resistentes a los antibi\u00f3ticos, adem\u00e1s infecciones v\u00edricas y por hongos (hepatitis, herpes, epsein-bar, c\u00e1ndida, l\u00edquenes)<\/p>\n<\/li>\n<li class=\"text-principal\" style=\"text-align: justify;\">\n<p style=\"font-family: Lato, sans-serif; text-align: left;\"><strong>C\u00e1ncer:<\/strong> Coadyuvante en pacientes con c\u00e1ncer.<\/p>\n<\/li>\n<li class=\"text-principal\" style=\"text-align: justify;\">\n<p style=\"font-family: Lato, sans-serif; text-align: left;\"><strong>Enfermedades del H\u00edgado:<\/strong> Cirrosis, hepatitis A, B, C.<\/p>\n<\/li>\n<li class=\"text-principal\" style=\"text-align: justify;\">\n<p style=\"font-family: Lato, sans-serif; text-align: left;\"><strong>Infecciones a Repetici\u00f3n:<\/strong> Cistitis, osteomielitis, (EPI) enfermedad p\u00e9lvico inflamatoria, sinusitis y bronquitis.<\/p>\n<\/li>\n<li class=\"text-principal\" style=\"text-align: justify;\">\n<p style=\"font-family: Lato, sans-serif; text-align: left;\"><strong>Alergias:<\/strong> Rinitis al\u00e9rgica, dermatitis al\u00e9rgica.<\/p>\n<\/li>\n<li class=\"text-principal\" style=\"text-align: justify;\">\n<p style=\"font-family: Lato, sans-serif; text-align: left;\"><strong>Enfermedades del Pulm\u00f3n:<\/strong> Asma, enfisema, bronquitis cr\u00f3nica.<\/p>\n<\/li>\n<li class=\"text-principal\" style=\"text-align: justify;\">\n<p style=\"font-family: Lato, sans-serif; text-align: left;\"><strong>Enfermedades Ginecol\u00f3gicas:<\/strong> Vaginitis, vulvovaginitis e infecciones del tracto genitourinario.<\/p>\n<\/li>\n<li class=\"text-principal\" style=\"text-align: justify;\">\n<p style=\"font-family: Lato, sans-serif; text-align: left;\"><strong>Enfermedades Reum\u00e1ticas:<\/strong> Artritis reumatoidea, fibromialgia, artrosis.<\/p>\n<\/li>\n<li class=\"text-principal\" style=\"text-align: justify;\">\n<p style=\"font-family: Lato, sans-serif; text-align: left;\"><strong>Insuficiencia Card\u00edaca &#8211; Diabetes Mellitus Tipo II:<\/strong> Tratamiento complementario al tratamiento tradicional mejorando sus resultados.<\/p>\n<\/li>\n<li class=\"text-principal\" style=\"text-align: justify;\">\n<p style=\"font-family: Lato, sans-serif; text-align: left;\"><strong>Hipertensi\u00f3n Arterial:<\/strong> Tratamiento complementario al tratamiento tradicional mejorando sus resultados.<\/p>\n<\/li>\n<li class=\"text-principal\" style=\"text-align: justify;\">\n<p style=\"font-family: Lato, sans-serif; text-align: left;\"><strong>Enfermedades Renales:<\/strong> Falla renal, aguda y cr\u00f3nica.<\/p>\n<\/li>\n<li class=\"text-principal\" style=\"text-align: justify;\">\n<p style=\"font-family: Lato, sans-serif; text-align: left;\"><strong>Enfermedades del Aparato Gastrointestinal:<\/strong> Colitis ulcerosa, enfermedad de Crohn, colon irritable, fisura y fistulas anales.<\/p>\n<\/li>\n<li class=\"text-principal\" style=\"text-align: justify;\">\n<p style=\"font-family: Lato, sans-serif; text-align: left;\"><strong>Enfermedades de la Piel:<\/strong> Acn\u00e9, psoriasis, neurodermatitis y enfermedades infecciosas de la piel.<\/p>\n<\/li>\n<li class=\"text-principal\" style=\"text-align: justify;\">\n<p style=\"font-family: Lato, sans-serif; text-align: left;\"><strong>Enfermedades Del Sistema Nervioso Central:<\/strong> Demencia senil, Alzheimer (fases iniciales).<\/p>\n<\/li>\n<li class=\"text-principal\" style=\"text-align: justify;\">\n<p style=\"font-family: Lato, sans-serif; text-align: left;\"><strong>Trastornos Autoinmunes:<\/strong> Esclerosis m\u00faltiple, psoriasis y artritis reumatoide.<\/p>\n<\/li>\n<li class=\"text-principal\" style=\"text-align: justify;\">\n<p style=\"font-family: Lato, sans-serif; text-align: left;\">Hernia de disco y s\u00edndrome ci\u00e1tico.<\/p>\n<\/li>\n<li class=\"text-principal\" style=\"text-align: justify;\">\n<p style=\"font-family: Lato, sans-serif; text-align: left;\">T\u00fanel del carpo.<\/p>\n<\/li>\n<li class=\"text-principal\" style=\"text-align: justify;\">\n<p style=\"font-family: Lato, sans-serif; text-align: left;\">Depresi\u00f3n y crisis de p\u00e1nico.<\/p>\n<\/li>\n<\/ul>\n<p style=\"text-align: justify; font-family: 'Lato', sans-serif;\"><strong>Nota:<\/strong> En el adulto mayor, la ozonoterapia contribuye a conservar la salud, por ser un regenerador celular que mejora la calidad de vida.<\/p>\n<p>[\/vc_column_text][vc_column_text css=\u00bb.vc_custom_1624046200618{padding-top: 20px !important;}\u00bb]<\/p>\n<h1 class=\"text-xlg text-bolder color-green\" style=\"text-align: justify;\">Manejo Post-Quir\u00fargico<\/h1>\n<p style=\"text-align: justify; font-family: 'Lato', sans-serif;\">La acci\u00f3n del Ozono combatiendo bacterias, virus y hongos, evitan la sobreinfecci\u00f3n que es un riesgo muy importante en el manejo postoperatorio, adem\u00e1s estimula la cicatrizaci\u00f3n, la r\u00e1pida resoluci\u00f3n de los hematomas (equimosis) y edemas (inflamaci\u00f3n), resultado de los tratamientos quir\u00fargicos. La relaci\u00f3n del manejo12-24 horas despu\u00e9s de la intervenci\u00f3n por 3-5 d\u00edas seguidos (dependiendo del tipo de cirug\u00eda), que es protocolo internacional, da como resultado una aceleraci\u00f3n de 10 veces la recuperaci\u00f3n en comparaci\u00f3n de los pacientes que no son tratados con ozono.<\/p>\n<p>[\/vc_column_text][\/vc_column][\/vc_row]<\/p>\n","protected":false},"excerpt":{"rendered":"<p>[vc_row full_width=\u00bbstretch_row\u00bb el_class=\u00bbabout-banner\u00bb][vc_column][vc_column_text] OZONOTERAPIA [\/vc_column_text][\/vc_column][\/vc_row][vc_row css=\u00bb.vc_custom_1615565071417{padding-top: 70px !important;padding-bottom: 70px !important;}\u00bb][vc_column][vc_column_text] \u00bfQu\u00e9 es? Un tratamiento usando Ozono (O3), variedad triat\u00f3mica del&#8230;<\/p>\n","protected":false},"author":1,"featured_media":0,"parent":0,"menu_order":0,"comment_status":"closed","ping_status":"closed","template":"","meta":[],"_links":{"self":[{"href":"https:\/\/www.mauriciocarreno.com\/madrid\/wp-json\/wp\/v2\/pages\/977"}],"collection":[{"href":"https:\/\/www.mauriciocarreno.com\/madrid\/wp-json\/wp\/v2\/pages"}],"about":[{"href":"https:\/\/www.mauriciocarreno.com\/madrid\/wp-json\/wp\/v2\/types\/page"}],"author":[{"embeddable":true,"href":"https:\/\/www.mauriciocarreno.com\/madrid\/wp-json\/wp\/v2\/users\/1"}],"replies":[{"embeddable":true,"href":"https:\/\/www.mauriciocarreno.com\/madrid\/wp-json\/wp\/v2\/comments?post=977"}],"version-history":[{"count":8,"href":"https:\/\/www.mauriciocarreno.com\/madrid\/wp-json\/wp\/v2\/pages\/977\/revisions"}],"predecessor-version":[{"id":1024,"href":"https:\/\/www.mauriciocarreno.com\/madrid\/wp-json\/wp\/v2\/pages\/977\/revisions\/1024"}],"wp:attachment":[{"href":"https:\/\/www.mauriciocarreno.com\/madrid\/wp-json\/wp\/v2\/media?parent=977"}],"curies":[{"name":"wp","href":"https:\/\/api.w.org\/{rel}","templated":true}]}}