{"id":879,"date":"2021-03-11T10:40:44","date_gmt":"2021-03-11T15:40:44","guid":{"rendered":"https:\/\/www.ecoweb.com.co\/mauricio\/?page_id=879"},"modified":"2021-09-01T14:26:46","modified_gmt":"2021-09-01T19:26:46","slug":"quienes-somos","status":"publish","type":"page","link":"https:\/\/www.mauriciocarreno.com\/madrid\/quienes-somos\/","title":{"rendered":"Quienes somos"},"content":{"rendered":"<p>[vc_row full_width=\u00bbstretch_row\u00bb el_class=\u00bbabout-banner\u00bb][vc_column][vc_column_text]<\/p>\n<h1 style=\"margin: 0px; text-align: center; color: #fff; font-weight: 600; font-size: 35px;\">\u00bfQUI\u00c9NES SOMOS?<\/h1>\n<p>[\/vc_column_text][\/vc_column][\/vc_row][vc_row content_placement=\u00bbmiddle\u00bb css=\u00bb.vc_custom_1615476072859{padding-top: 70px !important;padding-bottom: 70px !important;}\u00bb][vc_column width=\u00bb1\/2&#8243;][vc_column_text]<\/p>\n<h1 class=\"text-xlg text-bolder color-green\" style=\"text-align: justify;\">Sobre Nosotros<\/h1>\n<p style=\"text-align: justify; font-family: 'Lato', sans-serif;\">M\u00e9dico ozonoterapeuta dedicado a la investigaci\u00f3n y al tratamiento de pacientes mediante la ozono terapia, adem\u00e1s hacemos manejo de la obesidad mediante programa de vida saludable que consta del uso a nivel subliminal de la banda g\u00e1strica virtual , biodecodificacion de la asociaci\u00f3n obesidad y las emociones, asesor\u00eda en la actividad f\u00edsica de acuerdo a las necesidades de cada paciente y ozono terapia para modular la parte endocrina.<\/p>\n<p style=\"text-align: justify; font-family: 'Lato', sans-serif;\">Experiencia de 15 en Medell\u00edn , Colombia, con resultados terap\u00e9uticos que nos avalan como la mejor opci\u00f3n en esta especialidad.<\/p>\n<p>[\/vc_column_text][vc_column_text css=\u00bb.vc_custom_1615562167996{padding-top: 20px !important;}\u00bb]<\/p>\n<h1 class=\"text-xlg text-bolder color-green\" style=\"text-align: justify;\">Misi\u00f3n<\/h1>\n<p style=\"text-align: justify; font-family: 'Lato', sans-serif;\">Mauricio Carre\u00f1o Pe\u00f1aranda tiene como misi\u00f3n prestar servicios m\u00e9dicos con ozono, enmarcados en la calidez humana, pertinencia y oportunidad, aportando bienestar a sus pacientes.<\/p>\n<p>[\/vc_column_text][vc_column_text css=\u00bb.vc_custom_1615562175895{padding-top: 20px !important;}\u00bb]<\/p>\n<h1 class=\"text-xlg text-bolder color-green\" style=\"text-align: justify;\">Visi\u00f3n<\/h1>\n<p style=\"text-align: justify; font-family: 'Lato', sans-serif;\">Ser profesional de la medicina, reconocido por prestar servicios de ozonoterapia con honestidad, calidez humana y con la tecnolog\u00eda necesaria para que los pacientes tengan mejor\u00eda en sus procesos de salud y enfermedad.<\/p>\n<p>[\/vc_column_text][vc_column_text css=\u00bb.vc_custom_1615562337367{padding-top: 20px !important;padding-bottom: 20px !important;}\u00bb]<\/p>\n<h1 class=\"text-xlg text-bolder color-green\" style=\"text-align: justify;\">Socio de Aepromo<\/h1>\n<p>[\/vc_column_text][vc_column_text]<img loading=\"lazy\" class=\"alignnone wp-image-973\" src=\"\/wp-content\/uploads\/2021\/03\/aepromo.jpg\" alt=\"\" width=\"205\" height=\"107\" \/><img loading=\"lazy\" class=\"alignnone wp-image-972\" src=\"\/wp-content\/uploads\/2021\/03\/ACDO.png\" alt=\"\" width=\"205\" height=\"107\" \/>[\/vc_column_text][\/vc_column][vc_column width=\u00bb1\/2&#8243;][vc_column_text]<\/p>\n<p style=\"text-align: center;\"><img loading=\"lazy\" class=\"alignnone size-full wp-image-882\" src=\"https:\/\/www.mauriciocarreno.com\/wp-content\/uploads\/2021\/08\/Dr.-Carreno-Foto-principal-scaled-e1629298251624.jpg\" alt=\"\" width=\"70%\" height=\"NaN\" \/><\/p>\n<p>[\/vc_column_text][\/vc_column][\/vc_row]<\/p>\n","protected":false},"excerpt":{"rendered":"<p>[vc_row full_width=\u00bbstretch_row\u00bb el_class=\u00bbabout-banner\u00bb][vc_column][vc_column_text] \u00bfQUI\u00c9NES SOMOS? [\/vc_column_text][\/vc_column][\/vc_row][vc_row content_placement=\u00bbmiddle\u00bb css=\u00bb.vc_custom_1615476072859{padding-top: 70px !important;padding-bottom: 70px !important;}\u00bb][vc_column width=\u00bb1\/2&#8243;][vc_column_text] Sobre Nosotros M\u00e9dico ozonoterapeuta dedicado a la&#8230;<\/p>\n","protected":false},"author":1,"featured_media":0,"parent":0,"menu_order":0,"comment_status":"closed","ping_status":"closed","template":"","meta":[],"_links":{"self":[{"href":"https:\/\/www.mauriciocarreno.com\/madrid\/wp-json\/wp\/v2\/pages\/879"}],"collection":[{"href":"https:\/\/www.mauriciocarreno.com\/madrid\/wp-json\/wp\/v2\/pages"}],"about":[{"href":"https:\/\/www.mauriciocarreno.com\/madrid\/wp-json\/wp\/v2\/types\/page"}],"author":[{"embeddable":true,"href":"https:\/\/www.mauriciocarreno.com\/madrid\/wp-json\/wp\/v2\/users\/1"}],"replies":[{"embeddable":true,"href":"https:\/\/www.mauriciocarreno.com\/madrid\/wp-json\/wp\/v2\/comments?post=879"}],"version-history":[{"count":18,"href":"https:\/\/www.mauriciocarreno.com\/madrid\/wp-json\/wp\/v2\/pages\/879\/revisions"}],"predecessor-version":[{"id":1052,"href":"https:\/\/www.mauriciocarreno.com\/madrid\/wp-json\/wp\/v2\/pages\/879\/revisions\/1052"}],"wp:attachment":[{"href":"https:\/\/www.mauriciocarreno.com\/madrid\/wp-json\/wp\/v2\/media?parent=879"}],"curies":[{"name":"wp","href":"https:\/\/api.w.org\/{rel}","templated":true}]}}